{"id":61,"date":"2013-02-14T20:33:53","date_gmt":"2013-02-14T19:33:53","guid":{"rendered":"http:\/\/virgu-l.es\/blog\/?page_id=61"},"modified":"2016-12-11T17:55:01","modified_gmt":"2016-12-11T16:55:01","slug":"acerca","status":"publish","type":"page","link":"http:\/\/virgu-l.es\/blog\/acerca\/","title":{"rendered":"Acerca de V\u00cdRGU-L"},"content":{"rendered":"<p style=\"text-align: justify;\">La investigaci\u00f3n, la realidad en el aula, las especificidades de los distintos contextos docentes, los sistemas de evaluaci\u00f3n y los materiales did\u00e1cticos no siempre han ido tan parejos y de la mano como a los profesores de espa\u00f1ol como lengua extranjera (ELE) nos gustar\u00eda.<\/p>\n<p style=\"text-align: justify;\">La avalancha informativa, la atomizaci\u00f3n del conocimiento y el alto grado de especializaci\u00f3n y sofisticaci\u00f3n al que hemos llegado, sumado a un aumento, en ocasiones, desmesurado de las responsabilidades del profesor, fuera y dentro del aula, hacen dif\u00edcil que podamos estar al d\u00eda en todo lo que una pr\u00e1ctica docente con miras hol\u00edsticas nos exigir\u00eda.<\/p>\n<p style=\"text-align: justify;\">Si hacemos nuestros los presupuestos de la investigaci\u00f3n en la acci\u00f3n y la pr\u00e1ctica reflexiva, y adem\u00e1s, incorporamos a nuestras obligaciones de desarrollo acad\u00e9mico y profesional las exigencias que, hoy por hoy, impone el aprendizaje a lo largo de toda la vida, nos damos cuenta de que el mundo de ELE, como otros tantos \u00e1mbitos del saber, corre el riesgo de percibirse como un vasto <em>todo<\/em> de dimensiones inabarcables. Y en cierto sentido, es as\u00ed, puesto que pocas profesiones son tan interdisciplinares como la nuestra.<\/p>\n<p style=\"text-align: justify;\">Soy consciente de que a todo no se puede llegar y de que no se puede saber de todo. Sin embargo, la profesionalidad bien exige un esfuerzo para la mejora y actualizaci\u00f3n constantes que pasa por la formaci\u00f3n continua. El problema de esto es que, casi siempre, quiz\u00e1 por la inercia de lo que nos motiva, tendemos a seguir form\u00e1ndonos en las \u00e1reas de inter\u00e9s con las que ya nos sentimos familiarizados. \u00bfQu\u00e9 ocurre entonces, con tantas y tantas disciplinas y subdisciplinas, herramientas, plataformas y metodolog\u00edas que se suceden o superponen de forma tan vertiginosa? Pues que, desgraciadamente, acaban qued\u00e1ndosenos en el tintero de \u201cma\u00f1ana me pongo con ello\u201d, y ya se sabe: se llega a la casa de nunca. O en el mejor de los casos, en alg\u00fan taller de 45 minutos de un congreso asistimos a la charla de marras con la que apaciguar nuestra con(s)ciencia a base de haber localizado y (des)codificado cuatro t\u00e9rminos nuevos y dos autores que ya leeremos, y apostillar\u00eda, cuando tengamos tiempo\u2026<\/p>\n<p style=\"text-align: justify;\">Virgu-l surge con la vocaci\u00f3n de dar respuesta a esta necesidad que, yo misma, desde la pr\u00e1ctica, he cre\u00eddo venir experimentando: la necesidad de contar con un espacio de reflexi\u00f3n abierto, din\u00e1mico y de estructura no encorsetada en el que intentar dar cabida, de manera coherente y\/o complementaria, al menos, a tres de los pilares b\u00e1sicos sobre los que se sustenta esta vasta profesi\u00f3n que es el ELE:<\/p>\n<ul style=\"text-align: justify;\">\n<li>la investigaci\u00f3n e innovaci\u00f3n did\u00e1cticas<\/li>\n<li>la pr\u00e1ctica docente<\/li>\n<li>el an\u00e1lisis y la creaci\u00f3n de materiales did\u00e1cticos<\/li>\n<\/ul>\n<p style=\"text-align: justify;\">Si bien, Virgu-l es una iniciativa totalmente personal, he decidido hacer p\u00fablicas algunas de sus secciones, porque la utilidad que yo creo haber encontrado en ella quiz\u00e1 pueda ser extensible a otras personas de nuestro mundo o cercanas a \u00e9l: profesores en formaci\u00f3n, profesores en ejercicio, formadores de profesores y, por qu\u00e9 no, investigadores, creadores de materiales, auditores de escuelas de ELE, y todo aquel que, en definitiva, se interese o relacione de alguna manera con el ELE.<\/p>\n<p style=\"text-align: justify;\">Dec\u00eda que, principalmente, este pretende ser un espacio personal, pero como todo lo personal, yo estoy hecha en, con y gracias a quienes me han rodeado en estos a\u00f1os de ejercicio profesional y acad\u00e9mico. Desde alumnos y compa\u00f1eros que me han ido moldeando, hasta los que han sido mis maestros. A ellos, les debo qui\u00e9n soy. Por este motivo, y porque, adem\u00e1s creo firmemente en que la uni\u00f3n hace la fuerza y que el trabajo en equipo es el motor para un progreso basado en la co-construcci\u00f3n y compartici\u00f3n del conocimiento, me gustar\u00eda poder abrir este espacio a otros compa\u00f1eros de filas.<\/p>\n<p style=\"text-align: justify;\">Quisiera, por tanto, que algunas de estas secciones fueran lo m\u00e1s interactivas posibles y se convirtieran, si no en un espacio de referencia, s\u00ed en uno de discusi\u00f3n e intercambio de opiniones, ideas y saberes.<\/p>\n<p style=\"text-align: justify;\">S\u00e9 que esta apertura tendr\u00e1 que ser gradual y progresiva, porque a\u00fan tengo que hacerme a este medio y, tambi\u00e9n, porque lleva tiempo y esfuerzo coordinar proyectos compartidos en la distancia. Sin embargo, este no es ya el futuro, sino buena parte de la educaci\u00f3n en el presente, y vaya por delante esta vocaci\u00f3n de di\u00e1logo como compromiso con el que abrir este nuevo camino que inauguro hoy en esta p\u00e1gina de <em>auto-<\/em> y <em>co-<\/em> formaci\u00f3n, reflexi\u00f3n y an\u00e1lisis.<\/p>\n<p style=\"text-align: right;\"><strong> Bego\u00f1a Garc\u00eda Migura<\/strong><\/p>\n<p><a href=\"https:\/\/www.linkedin.com\/in\/begonamigura\" target=\"_blank\"><img loading=\"lazy\" decoding=\"async\" class=\"size-full wp-image-271 alignright\" src=\"http:\/\/virgu-l.es\/blog\/wp-content\/uploads\/2013\/02\/linkedicon.gif\" alt=\"Bego\u00f1a Garc\u00eda Migura\" width=\"50\" height=\"50\" \/><\/a><\/p>\n","protected":false},"excerpt":{"rendered":"<p>La investigaci\u00f3n, la realidad en el aula, las especificidades de los distintos contextos docentes, los sistemas de evaluaci\u00f3n y los materiales did\u00e1cticos no siempre han ido tan parejos y de la mano como a los profesores de espa\u00f1ol como lengua extranjera (ELE) nos gustar\u00eda. La avalancha informativa, la atomizaci\u00f3n del conocimiento y el alto grado&#8230;<\/p>\n<p><a href=\"http:\/\/virgu-l.es\/blog\/acerca\/\"><span class=\"glyphicon glyphicon-arrow-right\"><\/span>&nbsp;Continue reading<\/a><\/p>","protected":false},"author":1,"featured_media":0,"parent":0,"menu_order":0,"comment_status":"closed","ping_status":"closed","template":"","meta":{"footnotes":""},"class_list":["post-61","page","type-page","status-publish","hentry"],"_links":{"self":[{"href":"http:\/\/virgu-l.es\/blog\/wp-json\/wp\/v2\/pages\/61","targetHints":{"allow":["GET"]}}],"collection":[{"href":"http:\/\/virgu-l.es\/blog\/wp-json\/wp\/v2\/pages"}],"about":[{"href":"http:\/\/virgu-l.es\/blog\/wp-json\/wp\/v2\/types\/page"}],"author":[{"embeddable":true,"href":"http:\/\/virgu-l.es\/blog\/wp-json\/wp\/v2\/users\/1"}],"replies":[{"embeddable":true,"href":"http:\/\/virgu-l.es\/blog\/wp-json\/wp\/v2\/comments?post=61"}],"version-history":[{"count":51,"href":"http:\/\/virgu-l.es\/blog\/wp-json\/wp\/v2\/pages\/61\/revisions"}],"predecessor-version":[{"id":273,"href":"http:\/\/virgu-l.es\/blog\/wp-json\/wp\/v2\/pages\/61\/revisions\/273"}],"wp:attachment":[{"href":"http:\/\/virgu-l.es\/blog\/wp-json\/wp\/v2\/media?parent=61"}],"curies":[{"name":"wp","href":"https:\/\/api.w.org\/{rel}","templated":true}]}}